{"id":1608,"date":"2021-03-08T10:15:57","date_gmt":"2021-03-08T10:15:57","guid":{"rendered":"https:\/\/immoapropgestions.com\/verkaufen-oder-vermieten-sie-ihre-immobilie\/"},"modified":"2021-03-18T07:58:51","modified_gmt":"2021-03-18T07:58:51","slug":"verkaufen-oder-vermieten-sie-ihre-immobilie","status":"publish","type":"page","link":"https:\/\/immoapropgestions.com\/de\/verkaufen-oder-vermieten-sie-ihre-immobilie\/","title":{"rendered":"Verkaufen oder vermieten Sie Ihre Immobilie"},"content":{"rendered":"\t\t<div data-elementor-type=\"wp-page\" data-elementor-id=\"1608\" class=\"elementor elementor-1608 elementor-263\" data-elementor-post-type=\"page\">\n\t\t\t\t\t\t<section class=\"elementor-section elementor-top-section elementor-element elementor-element-dad77ef elementor-section-full_width elementor-hidden-desktop elementor-hidden-tablet elementor-hidden-phone elementor-section-height-default elementor-section-height-default\" data-id=\"dad77ef\" data-element_type=\"section\" data-e-type=\"section\">\n\t\t\t\t\t\t<div class=\"elementor-container elementor-column-gap-no\">\n\t\t\t\t\t<div class=\"elementor-column elementor-col-100 elementor-top-column elementor-element elementor-element-f5868cb\" data-id=\"f5868cb\" data-element_type=\"column\" data-e-type=\"column\">\n\t\t\t<div class=\"elementor-widget-wrap elementor-element-populated\">\n\t\t\t\t\t\t<div class=\"elementor-element elementor-element-0484825 elementor--h-position-center elementor--v-position-middle elementor-arrows-position-inside elementor-pagination-position-inside elementor-widget elementor-widget-slides\" data-id=\"0484825\" data-element_type=\"widget\" data-e-type=\"widget\" data-settings=\"{&quot;navigation&quot;:&quot;both&quot;,&quot;autoplay&quot;:&quot;yes&quot;,&quot;pause_on_hover&quot;:&quot;yes&quot;,&quot;pause_on_interaction&quot;:&quot;yes&quot;,&quot;autoplay_speed&quot;:5000,&quot;infinite&quot;:&quot;yes&quot;,&quot;transition&quot;:&quot;slide&quot;,&quot;transition_speed&quot;:500}\" data-widget_type=\"slides.default\">\n\t\t\t\t<div class=\"elementor-widget-container\">\n\t\t\t\t\t\t\t\t\t<div class=\"elementor-swiper\">\n\t\t\t\t\t<div class=\"elementor-slides-wrapper elementor-main-swiper swiper\" role=\"region\" aria-roledescription=\"carousel\" aria-label=\"Slider\" dir=\"ltr\" data-animation=\"fadeInUp\">\n\t\t\t\t<div class=\"swiper-wrapper elementor-slides\">\n\t\t\t\t\t\t\t\t\t\t<div class=\"elementor-repeater-item-111ff1e swiper-slide\" role=\"group\" aria-roledescription=\"slide\"><div class=\"swiper-slide-bg\" role=\"img\" aria-label=\"BANNER\"><\/div><div class=\"elementor-background-overlay\"><\/div><div class=\"swiper-slide-inner\" ><div class=\"swiper-slide-contents\"><div class=\"elementor-slide-heading\">Wir haben den Schl\u00fcssel zu Ihren Tr\u00e4umen, wir haben den Schl\u00fcssel zu Ihrem Zuhause!<\/div><\/div><\/div><\/div>\t\t\t\t<\/div>\n\t\t\t\t\t\t\t<\/div>\n\t\t\t\t<\/div>\n\t\t\t\t\t\t\t\t<\/div>\n\t\t\t\t<\/div>\n\t\t\t\t\t<\/div>\n\t\t<\/div>\n\t\t\t\t\t<\/div>\n\t\t<\/section>\n\t\t\t\t<section class=\"elementor-section elementor-top-section elementor-element elementor-element-28997ea elementor-section-boxed elementor-section-height-default elementor-section-height-default\" data-id=\"28997ea\" data-element_type=\"section\" data-e-type=\"section\">\n\t\t\t\t\t\t<div class=\"elementor-container elementor-column-gap-default\">\n\t\t\t\t\t<div class=\"elementor-column elementor-col-66 elementor-top-column elementor-element elementor-element-523ae37\" data-id=\"523ae37\" data-element_type=\"column\" data-e-type=\"column\">\n\t\t\t<div class=\"elementor-widget-wrap elementor-element-populated\">\n\t\t\t\t\t\t<div class=\"elementor-element elementor-element-d8a4954 elementor-widget elementor-widget-heading\" data-id=\"d8a4954\" data-element_type=\"widget\" data-e-type=\"widget\" data-widget_type=\"heading.default\">\n\t\t\t\t<div class=\"elementor-widget-container\">\n\t\t\t\t\t<h2 class=\"elementor-heading-title elementor-size-default\">M\u00f6chten Sie Ihre Immobilie verkaufen oder vermieten?<\/h2>\t\t\t\t<\/div>\n\t\t\t\t<\/div>\n\t\t\t\t<div class=\"elementor-element elementor-element-e32dbe5 elementor-widget elementor-widget-heading\" data-id=\"e32dbe5\" data-element_type=\"widget\" data-e-type=\"widget\" data-widget_type=\"heading.default\">\n\t\t\t\t<div class=\"elementor-widget-container\">\n\t\t\t\t\t<h5 class=\"elementor-heading-title elementor-size-default\">F\u00fcllen Sie das folgende Formular aus und einer unserer Vertreter wird sich in K\u00fcrze mit Ihnen in Verbindung setzen.<\/h5>\t\t\t\t<\/div>\n\t\t\t\t<\/div>\n\t\t\t\t\t<\/div>\n\t\t<\/div>\n\t\t\t\t<div class=\"elementor-column elementor-col-33 elementor-top-column elementor-element elementor-element-43c987f\" data-id=\"43c987f\" data-element_type=\"column\" data-e-type=\"column\">\n\t\t\t<div class=\"elementor-widget-wrap elementor-element-populated\">\n\t\t\t\t\t\t<div class=\"elementor-element elementor-element-acf5d71 elementor-view-stacked elementor-shape-circle elementor-widget elementor-widget-icon\" data-id=\"acf5d71\" data-element_type=\"widget\" data-e-type=\"widget\" data-widget_type=\"icon.default\">\n\t\t\t\t<div class=\"elementor-widget-container\">\n\t\t\t\t\t\t\t<div class=\"elementor-icon-wrapper\">\n\t\t\t<div class=\"elementor-icon\">\n\t\t\t<i aria-hidden=\"true\" class=\"fas fa-file-alt\"><\/i>\t\t\t<\/div>\n\t\t<\/div>\n\t\t\t\t\t\t<\/div>\n\t\t\t\t<\/div>\n\t\t\t\t\t<\/div>\n\t\t<\/div>\n\t\t\t\t\t<\/div>\n\t\t<\/section>\n\t\t\t\t<section class=\"elementor-section elementor-top-section elementor-element elementor-element-689634c elementor-section-boxed elementor-section-height-default elementor-section-height-default\" data-id=\"689634c\" data-element_type=\"section\" data-e-type=\"section\">\n\t\t\t\t\t\t<div class=\"elementor-container elementor-column-gap-default\">\n\t\t\t\t\t<div class=\"elementor-column elementor-col-100 elementor-top-column elementor-element elementor-element-d281d55\" data-id=\"d281d55\" data-element_type=\"column\" data-e-type=\"column\">\n\t\t\t<div class=\"elementor-widget-wrap elementor-element-populated\">\n\t\t\t\t\t\t<div class=\"elementor-element elementor-element-1b0a5b6 elementor-button-align-center elementor-widget elementor-widget-form\" data-id=\"1b0a5b6\" data-element_type=\"widget\" data-e-type=\"widget\" data-settings=\"{&quot;step_next_label&quot;:&quot;Next&quot;,&quot;step_previous_label&quot;:&quot;Previous&quot;,&quot;button_width&quot;:&quot;100&quot;,&quot;step_type&quot;:&quot;number_text&quot;,&quot;step_icon_shape&quot;:&quot;circle&quot;}\" data-widget_type=\"form.default\">\n\t\t\t\t<div class=\"elementor-widget-container\">\n\t\t\t\t\t\t\t<form class=\"elementor-form\" method=\"post\" name=\"Neue Form\" aria-label=\"Neue Form\">\n\t\t\t<input type=\"hidden\" name=\"post_id\" value=\"1608\"\/>\n\t\t\t<input type=\"hidden\" name=\"form_id\" value=\"1b0a5b6\"\/>\n\t\t\t<input type=\"hidden\" name=\"referer_title\" value=\"Aprop Gestions\" \/>\n\n\t\t\t\n\t\t\t<div class=\"elementor-form-fields-wrapper elementor-labels-above\">\n\t\t\t\t\t\t\t\t<div class=\"elementor-field-type-text elementor-field-group elementor-column elementor-field-group-name elementor-col-50 elementor-field-required elementor-mark-required\">\n\t\t\t\t\t\t\t\t\t\t\t\t<label for=\"form-field-name\" class=\"elementor-field-label\">\n\t\t\t\t\t\t\t\tName\t\t\t\t\t\t\t<\/label>\n\t\t\t\t\t\t\t\t\t\t\t\t\t\t<input size=\"1\" type=\"text\" name=\"form_fields[name]\" id=\"form-field-name\" class=\"elementor-field elementor-size-sm  elementor-field-textual\" required=\"required\">\n\t\t\t\t\t\t\t\t\t\t\t<\/div>\n\t\t\t\t\t\t\t\t<div class=\"elementor-field-type-text elementor-field-group elementor-column elementor-field-group-field_2341ee6 elementor-col-50 elementor-field-required elementor-mark-required\">\n\t\t\t\t\t\t\t\t\t\t\t\t<label for=\"form-field-field_2341ee6\" class=\"elementor-field-label\">\n\t\t\t\t\t\t\t\tNachnamen\t\t\t\t\t\t\t<\/label>\n\t\t\t\t\t\t\t\t\t\t\t\t\t\t<input size=\"1\" type=\"text\" name=\"form_fields[field_2341ee6]\" id=\"form-field-field_2341ee6\" class=\"elementor-field elementor-size-sm  elementor-field-textual\" required=\"required\">\n\t\t\t\t\t\t\t\t\t\t\t<\/div>\n\t\t\t\t\t\t\t\t<div class=\"elementor-field-type-email elementor-field-group elementor-column elementor-field-group-field_8f50504 elementor-col-50 elementor-field-required elementor-mark-required\">\n\t\t\t\t\t\t\t\t\t\t\t\t<label for=\"form-field-field_8f50504\" class=\"elementor-field-label\">\n\t\t\t\t\t\t\t\tEmail\t\t\t\t\t\t\t<\/label>\n\t\t\t\t\t\t\t\t\t\t\t\t\t\t<input size=\"1\" type=\"email\" name=\"form_fields[field_8f50504]\" id=\"form-field-field_8f50504\" class=\"elementor-field elementor-size-sm  elementor-field-textual\" required=\"required\">\n\t\t\t\t\t\t\t\t\t\t\t<\/div>\n\t\t\t\t\t\t\t\t<div class=\"elementor-field-type-text elementor-field-group elementor-column elementor-field-group-field_b2db17e elementor-col-50 elementor-field-required elementor-mark-required\">\n\t\t\t\t\t\t\t\t\t\t\t\t<label for=\"form-field-field_b2db17e\" class=\"elementor-field-label\">\n\t\t\t\t\t\t\t\tTelefon\t\t\t\t\t\t\t<\/label>\n\t\t\t\t\t\t\t\t\t\t\t\t\t\t<input size=\"1\" type=\"text\" name=\"form_fields[field_b2db17e]\" id=\"form-field-field_b2db17e\" class=\"elementor-field elementor-size-sm  elementor-field-textual\" required=\"required\">\n\t\t\t\t\t\t\t\t\t\t\t<\/div>\n\t\t\t\t\t\t\t\t<div class=\"elementor-field-type-html elementor-field-group elementor-column elementor-field-group-field_458ebaf elementor-col-100\">\n\t\t\t\t\t<p style=\"text-align:center; font-size:16px; font-weight: bold;\">Eigenschaftsdaten<\/p>\t\t\t\t<\/div>\n\t\t\t\t\t\t\t\t<div class=\"elementor-field-type-select elementor-field-group elementor-column elementor-field-group-field_bd74f2c elementor-col-50 elementor-field-required elementor-mark-required\">\n\t\t\t\t\t\t\t\t\t\t\t\t<label for=\"form-field-field_bd74f2c\" class=\"elementor-field-label\">\n\t\t\t\t\t\t\t\tArt der Immobilie\t\t\t\t\t\t\t<\/label>\n\t\t\t\t\t\t\t\t<div class=\"elementor-field elementor-select-wrapper remove-before \">\n\t\t\t<div class=\"select-caret-down-wrapper\">\n\t\t\t\t<i aria-hidden=\"true\" class=\"eicon-caret-down\"><\/i>\t\t\t<\/div>\n\t\t\t<select name=\"form_fields[field_bd74f2c]\" id=\"form-field-field_bd74f2c\" class=\"elementor-field-textual elementor-size-sm\" required=\"required\">\n\t\t\t\t\t\t\t\t\t<option value=\"Wohnung\">Wohnung<\/option>\n\t\t\t\t\t\t\t\t\t<option value=\"Zuhause\">Zuhause<\/option>\n\t\t\t\t\t\t\t\t\t<option value=\"Lokal\">Lokal<\/option>\n\t\t\t\t\t\t\t\t\t<option value=\"Parken\">Parken<\/option>\n\t\t\t\t\t\t\t\t\t<option value=\"Boden\">Boden<\/option>\n\t\t\t\t\t\t\t<\/select>\n\t\t<\/div>\n\t\t\t\t\t\t<\/div>\n\t\t\t\t\t\t\t\t<div class=\"elementor-field-type-select elementor-field-group elementor-column elementor-field-group-field_1f08972 elementor-col-50\">\n\t\t\t\t\t\t\t\t\t\t\t\t<label for=\"form-field-field_1f08972\" class=\"elementor-field-label\">\n\t\t\t\t\t\t\t\tVerkauf oder Miete\t\t\t\t\t\t\t<\/label>\n\t\t\t\t\t\t\t\t<div class=\"elementor-field elementor-select-wrapper remove-before \">\n\t\t\t<div class=\"select-caret-down-wrapper\">\n\t\t\t\t<i aria-hidden=\"true\" class=\"eicon-caret-down\"><\/i>\t\t\t<\/div>\n\t\t\t<select name=\"form_fields[field_1f08972]\" id=\"form-field-field_1f08972\" class=\"elementor-field-textual elementor-size-sm\">\n\t\t\t\t\t\t\t\t\t<option value=\"Verkauf\">Verkauf<\/option>\n\t\t\t\t\t\t\t\t\t<option value=\"Vermietung\">Vermietung<\/option>\n\t\t\t\t\t\t\t<\/select>\n\t\t<\/div>\n\t\t\t\t\t\t<\/div>\n\t\t\t\t\t\t\t\t<div class=\"elementor-field-type-text elementor-field-group elementor-column elementor-field-group-field_071543e elementor-col-50 elementor-field-required elementor-mark-required\">\n\t\t\t\t\t\t\t\t\t\t\t\t<label for=\"form-field-field_071543e\" class=\"elementor-field-label\">\n\t\t\t\t\t\t\t\tDer Ortschaft\t\t\t\t\t\t\t<\/label>\n\t\t\t\t\t\t\t\t\t\t\t\t\t\t<input size=\"1\" type=\"text\" name=\"form_fields[field_071543e]\" id=\"form-field-field_071543e\" class=\"elementor-field elementor-size-sm  elementor-field-textual\" required=\"required\">\n\t\t\t\t\t\t\t\t\t\t\t<\/div>\n\t\t\t\t\t\t\t\t<div class=\"elementor-field-type-text elementor-field-group elementor-column elementor-field-group-field_bec451f elementor-col-50\">\n\t\t\t\t\t\t\t\t\t\t\t\t<label for=\"form-field-field_bec451f\" class=\"elementor-field-label\">\n\t\t\t\t\t\t\t\tRichtung\t\t\t\t\t\t\t<\/label>\n\t\t\t\t\t\t\t\t\t\t\t\t\t\t<input size=\"1\" type=\"text\" name=\"form_fields[field_bec451f]\" id=\"form-field-field_bec451f\" class=\"elementor-field elementor-size-sm  elementor-field-textual\">\n\t\t\t\t\t\t\t\t\t\t\t<\/div>\n\t\t\t\t\t\t\t\t<div class=\"elementor-field-type-textarea elementor-field-group elementor-column elementor-field-group-field_5f0aefc elementor-col-100\">\n\t\t\t\t\t\t\t\t\t\t\t\t<label for=\"form-field-field_5f0aefc\" class=\"elementor-field-label\">\n\t\t\t\t\t\t\t\tBeschreibung\t\t\t\t\t\t\t<\/label>\n\t\t\t\t\t\t<textarea class=\"elementor-field-textual elementor-field  elementor-size-sm\" name=\"form_fields[field_5f0aefc]\" id=\"form-field-field_5f0aefc\" rows=\"4\"><\/textarea>\t\t\t\t<\/div>\n\t\t\t\t\t\t\t\t<div class=\"elementor-field-type-acceptance elementor-field-group elementor-column elementor-field-group-field_6106d35 elementor-col-100\">\n\t\t\t\t\t\t\t<div class=\"elementor-field-subgroup\">\n\t\t\t<span class=\"elementor-field-option\">\n\t\t\t\t<input type=\"checkbox\" name=\"form_fields[field_6106d35]\" id=\"form-field-field_6106d35\" class=\"elementor-field elementor-size-sm  elementor-acceptance-field\">\n\t\t\t\t<label for=\"form-field-field_6106d35\">Ich stimme der beschriebenen Behandlung meiner Daten zu.<\/label>\t\t\t<\/span>\n\t\t<\/div>\n\t\t\t\t\t\t<\/div>\n\t\t\t\t\t\t\t\t<div class=\"elementor-field-group elementor-column elementor-field-type-submit elementor-col-100 e-form__buttons\">\n\t\t\t\t\t<button class=\"elementor-button elementor-size-sm\" type=\"submit\">\n\t\t\t\t\t\t<span class=\"elementor-button-content-wrapper\">\n\t\t\t\t\t\t\t\t\t\t\t\t\t\t\t\t\t\t\t\t\t\t<span class=\"elementor-button-text\">Senden<\/span>\n\t\t\t\t\t\t\t\t\t\t\t\t\t<\/span>\n\t\t\t\t\t<\/button>\n\t\t\t\t<\/div>\n\t\t\t<\/div>\n\t\t<\/form>\n\t\t\t\t\t\t<\/div>\n\t\t\t\t<\/div>\n\t\t\t\t\t<\/div>\n\t\t<\/div>\n\t\t\t\t\t<\/div>\n\t\t<\/section>\n\t\t\t\t<\/div>\n\t\t","protected":false},"excerpt":{"rendered":"<p>Wir haben den Schl\u00fcssel zu Ihren Tr\u00e4umen, wir haben den Schl\u00fcssel zu Ihrem Zuhause! M\u00f6chten Sie Ihre Immobilie verkaufen oder vermieten? F\u00fcllen Sie das folgende Formular aus und einer unserer Vertreter wird sich in K\u00fcrze mit Ihnen in Verbindung setzen.<\/p>\n","protected":false},"author":1,"featured_media":0,"parent":0,"menu_order":0,"comment_status":"closed","ping_status":"closed","template":"","meta":{"footnotes":""},"class_list":["post-1608","page","type-page","status-publish"],"yoast_head":"<!-- This site is optimized with the Yoast SEO plugin v27.3 - https:\/\/yoast.com\/product\/yoast-seo-wordpress\/ -->\n<title>Verkaufen oder vermieten Sie Ihre Immobilie - Aprop Gestions<\/title>\n<meta name=\"description\" content=\"Verkauf und Vermietung von Wohnungen in Llan\u00e7\u00e0 oder an der Costa Brava, entweder im Sommer oder f\u00fcr das ganze Jahr.\" \/>\n<meta name=\"robots\" content=\"index, follow, max-snippet:-1, max-image-preview:large, max-video-preview:-1\" \/>\n<link rel=\"canonical\" href=\"https:\/\/immoapropgestions.com\/de\/verkaufen-oder-vermieten-sie-ihre-immobilie\/\" \/>\n<meta property=\"og:locale\" content=\"de_DE\" \/>\n<meta property=\"og:type\" content=\"article\" \/>\n<meta property=\"og:title\" content=\"Verkaufen oder vermieten Sie Ihre Immobilie - Aprop Gestions\" \/>\n<meta property=\"og:description\" content=\"Verkauf und Vermietung von Wohnungen in Llan\u00e7\u00e0 oder an der Costa Brava, entweder im Sommer oder f\u00fcr das ganze Jahr.\" \/>\n<meta property=\"og:url\" content=\"https:\/\/immoapropgestions.com\/de\/verkaufen-oder-vermieten-sie-ihre-immobilie\/\" \/>\n<meta property=\"og:site_name\" content=\"Aprop Gestions\" \/>\n<meta property=\"article:modified_time\" content=\"2021-03-18T07:58:51+00:00\" \/>\n<meta name=\"twitter:card\" content=\"summary_large_image\" \/>\n<script type=\"application\/ld+json\" class=\"yoast-schema-graph\">{\"@context\":\"https:\\\/\\\/schema.org\",\"@graph\":[{\"@type\":\"WebPage\",\"@id\":\"https:\\\/\\\/immoapropgestions.com\\\/de\\\/verkaufen-oder-vermieten-sie-ihre-immobilie\\\/\",\"url\":\"https:\\\/\\\/immoapropgestions.com\\\/de\\\/verkaufen-oder-vermieten-sie-ihre-immobilie\\\/\",\"name\":\"Verkaufen oder vermieten Sie Ihre Immobilie - Aprop Gestions\",\"isPartOf\":{\"@id\":\"https:\\\/\\\/immoapropgestions.com\\\/#website\"},\"datePublished\":\"2021-03-08T10:15:57+00:00\",\"dateModified\":\"2021-03-18T07:58:51+00:00\",\"description\":\"Verkauf und Vermietung von Wohnungen in Llan\u00e7\u00e0 oder an der Costa Brava, entweder im Sommer oder f\u00fcr das ganze Jahr.\",\"breadcrumb\":{\"@id\":\"https:\\\/\\\/immoapropgestions.com\\\/de\\\/verkaufen-oder-vermieten-sie-ihre-immobilie\\\/#breadcrumb\"},\"inLanguage\":\"de\",\"potentialAction\":[{\"@type\":\"ReadAction\",\"target\":[\"https:\\\/\\\/immoapropgestions.com\\\/de\\\/verkaufen-oder-vermieten-sie-ihre-immobilie\\\/\"]}]},{\"@type\":\"BreadcrumbList\",\"@id\":\"https:\\\/\\\/immoapropgestions.com\\\/de\\\/verkaufen-oder-vermieten-sie-ihre-immobilie\\\/#breadcrumb\",\"itemListElement\":[{\"@type\":\"ListItem\",\"position\":1,\"name\":\"Portada\",\"item\":\"https:\\\/\\\/immoapropgestions.com\\\/de\\\/\"},{\"@type\":\"ListItem\",\"position\":2,\"name\":\"Verkaufen oder vermieten Sie Ihre Immobilie\"}]},{\"@type\":\"WebSite\",\"@id\":\"https:\\\/\\\/immoapropgestions.com\\\/#website\",\"url\":\"https:\\\/\\\/immoapropgestions.com\\\/\",\"name\":\"Aprop Gestions\",\"description\":\"Immobles Alt Empord\u00e0\",\"publisher\":{\"@id\":\"https:\\\/\\\/immoapropgestions.com\\\/#organization\"},\"potentialAction\":[{\"@type\":\"SearchAction\",\"target\":{\"@type\":\"EntryPoint\",\"urlTemplate\":\"https:\\\/\\\/immoapropgestions.com\\\/?s={search_term_string}\"},\"query-input\":{\"@type\":\"PropertyValueSpecification\",\"valueRequired\":true,\"valueName\":\"search_term_string\"}}],\"inLanguage\":\"de\"},{\"@type\":\"Organization\",\"@id\":\"https:\\\/\\\/immoapropgestions.com\\\/#organization\",\"name\":\"Aprop Gestions\",\"url\":\"https:\\\/\\\/immoapropgestions.com\\\/\",\"logo\":{\"@type\":\"ImageObject\",\"inLanguage\":\"de\",\"@id\":\"https:\\\/\\\/immoapropgestions.com\\\/#\\\/schema\\\/logo\\\/image\\\/\",\"url\":\"https:\\\/\\\/immoapropgestions.com\\\/wp-content\\\/uploads\\\/2025\\\/10\\\/logo_aprop_gestions.png\",\"contentUrl\":\"https:\\\/\\\/immoapropgestions.com\\\/wp-content\\\/uploads\\\/2025\\\/10\\\/logo_aprop_gestions.png\",\"width\":290,\"height\":100,\"caption\":\"Aprop Gestions\"},\"image\":{\"@id\":\"https:\\\/\\\/immoapropgestions.com\\\/#\\\/schema\\\/logo\\\/image\\\/\"}}]}<\/script>\n<!-- \/ Yoast SEO plugin. -->","yoast_head_json":{"title":"Verkaufen oder vermieten Sie Ihre Immobilie - Aprop Gestions","description":"Verkauf und Vermietung von Wohnungen in Llan\u00e7\u00e0 oder an der Costa Brava, entweder im Sommer oder f\u00fcr das ganze Jahr.","robots":{"index":"index","follow":"follow","max-snippet":"max-snippet:-1","max-image-preview":"max-image-preview:large","max-video-preview":"max-video-preview:-1"},"canonical":"https:\/\/immoapropgestions.com\/de\/verkaufen-oder-vermieten-sie-ihre-immobilie\/","og_locale":"de_DE","og_type":"article","og_title":"Verkaufen oder vermieten Sie Ihre Immobilie - Aprop Gestions","og_description":"Verkauf und Vermietung von Wohnungen in Llan\u00e7\u00e0 oder an der Costa Brava, entweder im Sommer oder f\u00fcr das ganze Jahr.","og_url":"https:\/\/immoapropgestions.com\/de\/verkaufen-oder-vermieten-sie-ihre-immobilie\/","og_site_name":"Aprop Gestions","article_modified_time":"2021-03-18T07:58:51+00:00","twitter_card":"summary_large_image","schema":{"@context":"https:\/\/schema.org","@graph":[{"@type":"WebPage","@id":"https:\/\/immoapropgestions.com\/de\/verkaufen-oder-vermieten-sie-ihre-immobilie\/","url":"https:\/\/immoapropgestions.com\/de\/verkaufen-oder-vermieten-sie-ihre-immobilie\/","name":"Verkaufen oder vermieten Sie Ihre Immobilie - Aprop Gestions","isPartOf":{"@id":"https:\/\/immoapropgestions.com\/#website"},"datePublished":"2021-03-08T10:15:57+00:00","dateModified":"2021-03-18T07:58:51+00:00","description":"Verkauf und Vermietung von Wohnungen in Llan\u00e7\u00e0 oder an der Costa Brava, entweder im Sommer oder f\u00fcr das ganze Jahr.","breadcrumb":{"@id":"https:\/\/immoapropgestions.com\/de\/verkaufen-oder-vermieten-sie-ihre-immobilie\/#breadcrumb"},"inLanguage":"de","potentialAction":[{"@type":"ReadAction","target":["https:\/\/immoapropgestions.com\/de\/verkaufen-oder-vermieten-sie-ihre-immobilie\/"]}]},{"@type":"BreadcrumbList","@id":"https:\/\/immoapropgestions.com\/de\/verkaufen-oder-vermieten-sie-ihre-immobilie\/#breadcrumb","itemListElement":[{"@type":"ListItem","position":1,"name":"Portada","item":"https:\/\/immoapropgestions.com\/de\/"},{"@type":"ListItem","position":2,"name":"Verkaufen oder vermieten Sie Ihre Immobilie"}]},{"@type":"WebSite","@id":"https:\/\/immoapropgestions.com\/#website","url":"https:\/\/immoapropgestions.com\/","name":"Aprop Gestions","description":"Immobles Alt Empord\u00e0","publisher":{"@id":"https:\/\/immoapropgestions.com\/#organization"},"potentialAction":[{"@type":"SearchAction","target":{"@type":"EntryPoint","urlTemplate":"https:\/\/immoapropgestions.com\/?s={search_term_string}"},"query-input":{"@type":"PropertyValueSpecification","valueRequired":true,"valueName":"search_term_string"}}],"inLanguage":"de"},{"@type":"Organization","@id":"https:\/\/immoapropgestions.com\/#organization","name":"Aprop Gestions","url":"https:\/\/immoapropgestions.com\/","logo":{"@type":"ImageObject","inLanguage":"de","@id":"https:\/\/immoapropgestions.com\/#\/schema\/logo\/image\/","url":"https:\/\/immoapropgestions.com\/wp-content\/uploads\/2025\/10\/logo_aprop_gestions.png","contentUrl":"https:\/\/immoapropgestions.com\/wp-content\/uploads\/2025\/10\/logo_aprop_gestions.png","width":290,"height":100,"caption":"Aprop Gestions"},"image":{"@id":"https:\/\/immoapropgestions.com\/#\/schema\/logo\/image\/"}}]}},"_links":{"self":[{"href":"https:\/\/immoapropgestions.com\/de\/wp-json\/wp\/v2\/pages\/1608","targetHints":{"allow":["GET"]}}],"collection":[{"href":"https:\/\/immoapropgestions.com\/de\/wp-json\/wp\/v2\/pages"}],"about":[{"href":"https:\/\/immoapropgestions.com\/de\/wp-json\/wp\/v2\/types\/page"}],"author":[{"embeddable":true,"href":"https:\/\/immoapropgestions.com\/de\/wp-json\/wp\/v2\/users\/1"}],"replies":[{"embeddable":true,"href":"https:\/\/immoapropgestions.com\/de\/wp-json\/wp\/v2\/comments?post=1608"}],"version-history":[{"count":5,"href":"https:\/\/immoapropgestions.com\/de\/wp-json\/wp\/v2\/pages\/1608\/revisions"}],"predecessor-version":[{"id":1845,"href":"https:\/\/immoapropgestions.com\/de\/wp-json\/wp\/v2\/pages\/1608\/revisions\/1845"}],"wp:attachment":[{"href":"https:\/\/immoapropgestions.com\/de\/wp-json\/wp\/v2\/media?parent=1608"}],"curies":[{"name":"wp","href":"https:\/\/api.w.org\/{rel}","templated":true}]}}